{"id":46,"date":"2025-09-30T12:23:22","date_gmt":"2025-09-30T10:23:22","guid":{"rendered":"https:\/\/eurohop-shop.com\/?page_id=46"},"modified":"2025-10-01T19:44:25","modified_gmt":"2025-10-01T17:44:25","slug":"about-us","status":"publish","type":"page","link":"https:\/\/eurohop-shop.com\/sl\/about-us\/","title":{"rendered":"O nas"},"content":{"rendered":"<div data-elementor-type=\"wp-page\" data-elementor-id=\"46\" class=\"elementor elementor-46\" data-elementor-post-type=\"page\">\n\t\t\t\t<div class=\"elementor-element elementor-element-77fad2c8 e-flex e-con-boxed e-con e-parent\" data-id=\"77fad2c8\" data-element_type=\"container\" data-settings=\"{&quot;background_background&quot;:&quot;classic&quot;}\">\n\t\t\t\t\t<div class=\"e-con-inner\">\n\t\t\t\t<div class=\"elementor-element elementor-element-165fbef9 elementor-widget elementor-widget-text-editor\" data-id=\"165fbef9\" data-element_type=\"widget\" data-widget_type=\"text-editor.default\">\n\t\t\t\t\t\t\t\t\t<p data-start=\"86\" data-end=\"289\" class=\"translation-block\">Ponosni smo, da nadaljujemo stoletno slovensko tradicijo pridelave hmelja. Na rodovitnih poljih severne Slovenije gojimo vrhunske sorte hmelja, ki jim zaupajo pivovarji po vsem svetu.<\/p>\t\t\t\t\t\t\t\t<\/div>\n\t\t\t\t\t<\/div>\n\t\t\t\t<\/div>\n\t\t<div class=\"elementor-element elementor-element-56c48190 e-flex e-con-boxed elementor-invisible e-con e-parent\" data-id=\"56c48190\" data-element_type=\"container\" data-settings=\"{&quot;animation&quot;:&quot;fadeIn&quot;}\">\n\t\t\t\t\t<div class=\"e-con-inner\">\n\t\t<div class=\"elementor-element elementor-element-737be1d1 e-con-full e-flex e-con e-child\" data-id=\"737be1d1\" data-element_type=\"container\" data-settings=\"{&quot;background_background&quot;:&quot;classic&quot;}\">\n\t\t\t\t<\/div>\n\t\t\t\t\t<\/div>\n\t\t\t\t<\/div>\n\t\t<div class=\"elementor-element elementor-element-18d74826 e-flex e-con-boxed e-con e-parent\" data-id=\"18d74826\" data-element_type=\"container\">\n\t\t\t\t\t<div class=\"e-con-inner\">\n\t\t<div class=\"elementor-element elementor-element-65c720c5 e-con-full e-flex e-con e-child\" data-id=\"65c720c5\" data-element_type=\"container\">\n\t\t\t\t<div class=\"elementor-element elementor-element-36d0e8ca elementor-invisible elementor-widget elementor-widget-heading\" data-id=\"36d0e8ca\" data-element_type=\"widget\" data-settings=\"{&quot;_animation&quot;:&quot;fadeIn&quot;,&quot;_animation_delay&quot;:100}\" data-widget_type=\"heading.default\">\n\t\t\t\t\t<h2 class=\"elementor-heading-title elementor-size-default\">O nas<\/h2>\t\t\t\t<\/div>\n\t\t\t\t<div class=\"elementor-element elementor-element-5601a7fc elementor-invisible elementor-widget elementor-widget-text-editor\" data-id=\"5601a7fc\" data-element_type=\"widget\" data-settings=\"{&quot;_animation&quot;:&quot;fadeIn&quot;,&quot;_animation_delay&quot;:200}\" data-widget_type=\"text-editor.default\">\n\t\t\t\t\t\t\t\t\t<p data-start=\"129\" data-end=\"339\" class=\"translation-block\">Ponosni smo, da nadaljujemo stoletno slovensko tradicijo pridelave hmelja. Na rodovitnih poljih severne Slovenije gojimo vrhunske sorte hmelja, ki jim zaupajo pivovarji po vsem svetu.<\/p><p data-start=\"341\" data-end=\"626\" class=\"translation-block\">Na\u0161a vizija je preprosta: zdru\u017eiti <strong>tradicijo, kakovost in trajnost<\/strong>. S tesnim sodelovanjem z lokalnimi pridelovalci ter z uporabo sodobnih standardov shranjevanja in predelave zagotavljamo, da vsak stor\u017e in pelet hmelja ohranja enako sve\u017eino in zna\u010daj, kot na dan, ko je bil obran.<\/p><p data-start=\"628\" data-end=\"652\">\ud83d\udc49 <strong data-start=\"631\" data-end=\"650\">Kar nas opredeljuje<\/strong><\/p><ul data-start=\"653\" data-end=\"1008\"><li data-start=\"653\" data-end=\"749\"><p data-start=\"655\" data-end=\"749\" class=\"translation-block\">\ud83c\udf3f <strong>Lokalni izvor<\/strong> \u2013 pridelan v severni Sloveniji, eni najbolj priznanih hmeljarskih regij v Evropi.<\/p><\/li><li data-start=\"750\" data-end=\"842\"><p data-start=\"752\" data-end=\"842\" class=\"translation-block\">\ud83c\udfc5 <strong>Vrhunska kakovost<\/strong> \u2013 skrbno izbran hmelj, shranjen v profesionalnih hladilnih prostorih.<\/p><\/li><li data-start=\"843\" data-end=\"923\"><p data-start=\"845\" data-end=\"923\" class=\"translation-block\">\ud83c\udf31 <strong>Trajnostna pridelava<\/strong> \u2013 spo\u0161tovanje narave in tradicije na vsakem koraku.<\/p><\/li><li data-start=\"924\" data-end=\"1008\"><p data-start=\"926\" data-end=\"1008\" class=\"translation-block\">\ud83c\udf7a <strong>Globalna prisotnost<\/strong> \u2013 dobavljamo hmelj tako malim obrtni\u0161kim kot velikim pivovarnam po vsem svetu.<\/p><\/li><\/ul><p data-start=\"1010\" data-end=\"1185\" class=\"translation-block\">Z vodilnima sortama, kot sta <strong>Styrian Golding Celeia<\/strong> in <strong>Super Styrian Aurora<\/strong>, podjetje Eurohop ponuja hmelj, znan po svoji aromi, uravnote\u017eenosti in vsestranskosti pri varjenju piva.<\/p><p data-start=\"1187\" data-end=\"1299\">Ne glede na to, ali ste majhna obrtna pivovarna ali svetovni proizvajalec, je Eurohop va\u0161 zaupanja vreden partner za slovenski hmelj.<\/p>\t\t\t\t\t\t\t\t<\/div>\n\t\t\t\t<\/div>\n\t\t<div class=\"elementor-element elementor-element-a1fe98d e-con-full e-flex e-con e-child\" data-id=\"a1fe98d\" data-element_type=\"container\">\n\t\t<div class=\"elementor-element elementor-element-5220a0e e-con-full e-flex elementor-invisible e-con e-child\" data-id=\"5220a0e\" data-element_type=\"container\" data-settings=\"{&quot;background_background&quot;:&quot;classic&quot;,&quot;animation&quot;:&quot;fadeIn&quot;,&quot;animation_delay&quot;:350}\">\n\t\t\t\t<div class=\"elementor-element elementor-element-2aa57d elementor-widget elementor-widget-heading\" data-id=\"2aa57d\" data-element_type=\"widget\" data-widget_type=\"heading.default\">\n\t\t\t\t\t<h2 class=\"elementor-heading-title elementor-size-default\">Naro\u010di<\/h2>\t\t\t\t<\/div>\n\t\t\t\t<div class=\"elementor-element elementor-element-60c289d4 elementor-button-align-stretch elementor-widget elementor-widget-form\" data-id=\"60c289d4\" data-element_type=\"widget\" data-settings=\"{&quot;step_next_label&quot;:&quot;Next&quot;,&quot;step_previous_label&quot;:&quot;Previous&quot;,&quot;button_width&quot;:&quot;100&quot;,&quot;step_type&quot;:&quot;number_text&quot;,&quot;step_icon_shape&quot;:&quot;circle&quot;}\" data-widget_type=\"form.default\">\n\t\t\t\t\t\t\t<form class=\"elementor-form\" method=\"post\" name=\"Order form Super styrian Aurora\" aria-label=\"Order form Super styrian Aurora\" action=\"\">\n\t\t\t<input type=\"hidden\" name=\"post_id\" value=\"46\"\/>\n\t\t\t<input type=\"hidden\" name=\"form_id\" value=\"60c289d4\"\/>\n\t\t\t<input type=\"hidden\" name=\"referer_title\" value=\"About us\" \/>\n\n\t\t\t\t\t\t\t<input type=\"hidden\" name=\"queried_id\" value=\"46\"\/>\n\t\t\t\n\t\t\t<div class=\"elementor-form-fields-wrapper elementor-labels-\">\n\t\t\t\t\t\t\t\t<div class=\"elementor-field-type-text elementor-field-group elementor-column elementor-field-group-name elementor-col-100\">\n\t\t\t\t\t\t\t\t\t\t\t\t<label for=\"form-field-name\" class=\"elementor-field-label elementor-screen-only\">\n\t\t\t\t\t\t\t\tVa\u0161e ime\t\t\t\t\t\t\t<\/label>\n\t\t\t\t\t\t\t\t\t\t\t\t\t\t<input size=\"1\" type=\"text\" name=\"form_fields[name]\" id=\"form-field-name\" class=\"elementor-field elementor-size-sm  elementor-field-textual\" placeholder=\"Va\u0161e ime\">\n\t\t\t\t\t\t\t\t\t\t\t<\/div>\n\t\t\t\t\t\t\t\t<div class=\"elementor-field-type-text elementor-field-group elementor-column elementor-field-group-field_3c65fcc elementor-col-100\">\n\t\t\t\t\t\t\t\t\t\t\t\t<label for=\"form-field-field_3c65fcc\" class=\"elementor-field-label elementor-screen-only\">\n\t\t\t\t\t\t\t\tDr\u017eava\t\t\t\t\t\t\t<\/label>\n\t\t\t\t\t\t\t\t\t\t\t\t\t\t<input size=\"1\" type=\"text\" name=\"form_fields[field_3c65fcc]\" id=\"form-field-field_3c65fcc\" class=\"elementor-field elementor-size-sm  elementor-field-textual\" placeholder=\"Dr\u017eava\">\n\t\t\t\t\t\t\t\t\t\t\t<\/div>\n\t\t\t\t\t\t\t\t<div class=\"elementor-field-type-html elementor-field-group elementor-column elementor-field-group-field_6b429ec elementor-col-100\">\n\t\t\t\t\tKaj vas zanima?\t\t\t\t<\/div>\n\t\t\t\t\t\t\t\t<div class=\"elementor-field-type-checkbox elementor-field-group elementor-column elementor-field-group-field_991e435 elementor-col-100\">\n\t\t\t\t\t\t\t\t\t\t\t\t<label for=\"form-field-field_991e435\" class=\"elementor-field-label elementor-screen-only\">\n\t\t\t\t\t\t\t\tSelect\t\t\t\t\t\t\t<\/label>\n\t\t\t\t\t\t<div class=\"elementor-field-subgroup\"><span class=\"elementor-field-option\"><input type=\"checkbox\" value=\"Super Styrian Aurora\" id=\"form-field-field_991e435-0\" name=\"form_fields[field_991e435][]\"> <label for=\"form-field-field_991e435-0\">Super Styrian Aurora<\/label><\/span><span class=\"elementor-field-option\"><input type=\"checkbox\" value=\"Styrian Golding\" id=\"form-field-field_991e435-1\" name=\"form_fields[field_991e435][]\"> <label for=\"form-field-field_991e435-1\">Styrian Golding<\/label><\/span><span class=\"elementor-field-option\"><input type=\"checkbox\" value=\"Other\" id=\"form-field-field_991e435-2\" name=\"form_fields[field_991e435][]\"> <label for=\"form-field-field_991e435-2\">Drugo<\/label><\/span><\/div>\t\t\t\t<\/div>\n\t\t\t\t\t\t\t\t<div class=\"elementor-field-type-email elementor-field-group elementor-column elementor-field-group-email elementor-col-100 elementor-field-required\">\n\t\t\t\t\t\t\t\t\t\t\t\t<label for=\"form-field-email\" class=\"elementor-field-label elementor-screen-only\">\n\t\t\t\t\t\t\t\tE-po\u0161ta\t\t\t\t\t\t\t<\/label>\n\t\t\t\t\t\t\t\t\t\t\t\t\t\t<input size=\"1\" type=\"email\" name=\"form_fields[email]\" id=\"form-field-email\" class=\"elementor-field elementor-size-sm  elementor-field-textual\" placeholder=\"E-po\u0161ta\" required=\"required\">\n\t\t\t\t\t\t\t\t\t\t\t<\/div>\n\t\t\t\t\t\t\t\t<div class=\"elementor-field-type-textarea elementor-field-group elementor-column elementor-field-group-message elementor-col-100\">\n\t\t\t\t\t\t\t\t\t\t\t\t<label for=\"form-field-message\" class=\"elementor-field-label elementor-screen-only\">\n\t\t\t\t\t\t\t\tSporo\u010dilo\t\t\t\t\t\t\t<\/label>\n\t\t\t\t\t\t<textarea class=\"elementor-field-textual elementor-field  elementor-size-sm\" name=\"form_fields[message]\" id=\"form-field-message\" rows=\"4\" placeholder=\"Sporo\u010dilo\"><\/textarea>\t\t\t\t<\/div>\n\t\t\t\t\t\t\t\t<div class=\"elementor-field-type-acceptance elementor-field-group elementor-column elementor-field-group-field_18b701d elementor-col-100\">\n\t\t\t\t\t\t\t\t\t\t\t\t<label for=\"form-field-field_18b701d\" class=\"elementor-field-label elementor-screen-only\">\n\t\t\t\t\t\t\t\tAccept\t\t\t\t\t\t\t<\/label>\n\t\t\t\t\t\t\t\t<div class=\"elementor-field-subgroup\">\n\t\t\t<span class=\"elementor-field-option\">\n\t\t\t\t<input type=\"checkbox\" name=\"form_fields[field_18b701d]\" id=\"form-field-field_18b701d\" class=\"elementor-field elementor-size-sm  elementor-acceptance-field\">\n\t\t\t\t<label for=\"form-field-field_18b701d\">Prebral sem in se strinjam s pogoji poslovanja in politiko zasebnosti.<\/label>\t\t\t<\/span>\n\t\t<\/div>\n\t\t\t\t\t\t<\/div>\n\t\t\t\t\t\t\t\t<div class=\"elementor-field-group elementor-column elementor-field-type-submit elementor-col-100 e-form__buttons\">\n\t\t\t\t\t<button class=\"elementor-button elementor-size-sm\" type=\"submit\">\n\t\t\t\t\t\t<span class=\"elementor-button-content-wrapper\">\n\t\t\t\t\t\t\t\t\t\t\t\t\t\t\t\t\t\t\t\t\t\t<span class=\"elementor-button-text\">Po\u0161lji povpra\u0161evanje<\/span>\n\t\t\t\t\t\t\t\t\t\t\t\t\t<\/span>\n\t\t\t\t\t<\/button>\n\t\t\t\t<\/div>\n\t\t\t<\/div>\n\t\t<input type=\"hidden\" name=\"trp-form-language\" value=\"sl\"\/><\/form>\n\t\t\t\t\t\t<\/div>\n\t\t\t\t<\/div>\n\t\t\t\t<\/div>\n\t\t\t\t\t<\/div>\n\t\t\t\t<\/div>\n\t\t\t\t<\/div>","protected":false},"excerpt":{"rendered":"<p>At Eurohop, we are proud to continue Slovenia\u2019s centuries-old hop-growing tradition. From the fertile fields of Northern Slovenia, we cultivate premium hop varieties that are trusted by brewers worldwide. About us At Eurohop, we are proud to continue Slovenia\u2019s centuries-old hop-growing tradition. From the fertile fields of Northern Slovenia, we cultivate premium hop varieties that [&hellip;]<\/p>","protected":false},"author":2,"featured_media":0,"parent":0,"menu_order":0,"comment_status":"closed","ping_status":"closed","template":"","meta":{"footnotes":""},"class_list":["post-46","page","type-page","status-publish","hentry"],"_links":{"self":[{"href":"https:\/\/eurohop-shop.com\/sl\/wp-json\/wp\/v2\/pages\/46","targetHints":{"allow":["GET"]}}],"collection":[{"href":"https:\/\/eurohop-shop.com\/sl\/wp-json\/wp\/v2\/pages"}],"about":[{"href":"https:\/\/eurohop-shop.com\/sl\/wp-json\/wp\/v2\/types\/page"}],"author":[{"embeddable":true,"href":"https:\/\/eurohop-shop.com\/sl\/wp-json\/wp\/v2\/users\/2"}],"replies":[{"embeddable":true,"href":"https:\/\/eurohop-shop.com\/sl\/wp-json\/wp\/v2\/comments?post=46"}],"version-history":[{"count":4,"href":"https:\/\/eurohop-shop.com\/sl\/wp-json\/wp\/v2\/pages\/46\/revisions"}],"predecessor-version":[{"id":204,"href":"https:\/\/eurohop-shop.com\/sl\/wp-json\/wp\/v2\/pages\/46\/revisions\/204"}],"wp:attachment":[{"href":"https:\/\/eurohop-shop.com\/sl\/wp-json\/wp\/v2\/media?parent=46"}],"curies":[{"name":"wp","href":"https:\/\/api.w.org\/{rel}","templated":true}]}}